{"id":1954,"date":"2024-08-13T17:48:13","date_gmt":"2024-08-13T14:48:13","guid":{"rendered":"https:\/\/newcastle.com.tr\/tr\/?page_id=1954"},"modified":"2024-08-13T17:50:15","modified_gmt":"2024-08-13T14:50:15","slug":"menu-arcadium-avm","status":"publish","type":"page","link":"https:\/\/newcastle.com.tr\/tr\/menu-arcadium-avm\/","title":{"rendered":"Men\u00fc Arcadium AVM"},"content":{"rendered":"<div class=\"wpb-content-wrapper\"><p>[vc_row css=&#8221;.vc_custom_1708378713625{padding-top: 20px !important;padding-bottom: 34px !important;}&#8221;][vc_column width=&#8221;1\/4&#8243;][\/vc_column][vc_column width=&#8221;1\/4&#8243;][vc_empty_space height=&#8221;10px&#8221;]<div class=\"dine-button button-inline button-center\" id=\"button-1\"><a href=\"https:\/\/newcastle.com.tr\/tr\/arcadium-avm-turkce-menu\/\" title=\"T\u00dcRK\u00c7E MEN\u00dc\" class=\"dine-btn btn-primary\"><span>T\u00dcRK\u00c7E MEN\u00dc<\/span><\/a><\/div>[vc_empty_space height=&#8221;10px&#8221;][\/vc_column][vc_column width=&#8221;1\/4&#8243;][vc_empty_space height=&#8221;10px&#8221;]<div class=\"dine-button button-inline button-center\" id=\"button-2\"><a href=\"https:\/\/newcastle.com.tr\/tr\/arcadium-avm-english-menu\/\" title=\"ENGLISH MENU\" class=\"dine-btn btn-primary\"><span>ENGLISH MENU<\/span><\/a><\/div>[vc_empty_space height=&#8221;10px&#8221;][\/vc_column][vc_column width=&#8221;1\/4&#8243;][\/vc_column][\/vc_row]<\/p>\n<\/div>","protected":false},"excerpt":{"rendered":"<p>[vc_row css=&#8221;.vc_custom_1708378713625{padding-top: 20px !important;padding-bottom: 34px !important;}&#8221;][vc_column width=&#8221;1\/4&#8243;][\/vc_column][vc_column width=&#8221;1\/4&#8243;][vc_empty_space height=&#8221;10px&#8221;][vc_empty_space height=&#8221;10px&#8221;][\/vc_column][vc_column width=&#8221;1\/4&#8243;][vc_empty_space height=&#8221;10px&#8221;][vc_empty_space height=&#8221;10px&#8221;][\/vc_column][vc_column width=&#8221;1\/4&#8243;][\/vc_column][\/vc_row]<\/p>\n","protected":false},"author":1235,"featured_media":889,"parent":0,"menu_order":0,"comment_status":"closed","ping_status":"closed","template":"","meta":{"footnotes":""},"class_list":["post-1954","page","type-page","status-publish","has-post-thumbnail","hentry"],"_links":{"self":[{"href":"https:\/\/newcastle.com.tr\/tr\/wp-json\/wp\/v2\/pages\/1954","targetHints":{"allow":["GET"]}}],"collection":[{"href":"https:\/\/newcastle.com.tr\/tr\/wp-json\/wp\/v2\/pages"}],"about":[{"href":"https:\/\/newcastle.com.tr\/tr\/wp-json\/wp\/v2\/types\/page"}],"author":[{"embeddable":true,"href":"https:\/\/newcastle.com.tr\/tr\/wp-json\/wp\/v2\/users\/1235"}],"replies":[{"embeddable":true,"href":"https:\/\/newcastle.com.tr\/tr\/wp-json\/wp\/v2\/comments?post=1954"}],"version-history":[{"count":2,"href":"https:\/\/newcastle.com.tr\/tr\/wp-json\/wp\/v2\/pages\/1954\/revisions"}],"predecessor-version":[{"id":1961,"href":"https:\/\/newcastle.com.tr\/tr\/wp-json\/wp\/v2\/pages\/1954\/revisions\/1961"}],"wp:featuredmedia":[{"embeddable":true,"href":"https:\/\/newcastle.com.tr\/tr\/wp-json\/wp\/v2\/media\/889"}],"wp:attachment":[{"href":"https:\/\/newcastle.com.tr\/tr\/wp-json\/wp\/v2\/media?parent=1954"}],"curies":[{"name":"wp","href":"https:\/\/api.w.org\/{rel}","templated":true}]}}