{"id":432,"date":"2017-02-20T03:10:17","date_gmt":"2017-02-20T03:10:17","guid":{"rendered":"http:\/\/dine.withemes.com\/?page_id=5"},"modified":"2019-09-29T22:40:21","modified_gmt":"2019-09-29T19:40:21","slug":"about","status":"publish","type":"page","link":"https:\/\/newcastle.com.tr\/tr\/","title":{"rendered":"Anasayfa"},"content":{"rendered":"<div class=\"wpb-content-wrapper\"><p>[vc_row full_width=&#8221;stretch_row&#8221; full_height=&#8221;yes&#8221; css=&#8221;.vc_custom_1568301127693{padding-bottom: 1px !important;background-image: url(http:\/\/newcastle.com.tr\/tr\/wp-content\/uploads\/2019\/09\/newcastle_pub-2.jpg?id=1083) !important;background-position: center !important;background-repeat: no-repeat !important;background-size: cover !important;}&#8221;][vc_column][vc_empty_space height=&#8221;225px&#8221;]<div class=\"dine-element wpb_content_element dine-element-text_slider \" id=\"text_slider-1\"><div data-delay=\"0\" style=\"color:#ffffff;font-size:120px\" data-timer=\"3000\" class=\"cd-headline cd-single-headline dine-animation-element animation-top\"><span>KENT\u0130N EN \u0130Y\u0130S\u0130<\/span><\/div><\/div>[vc_custom_heading text=&#8221;PUB WITH RESTAURANT&#8221; font_container=&#8221;tag:h2|font_size:16|text_align:center|color:%23ffffff&#8221; use_theme_fonts=&#8221;yes&#8221; css_animation=&#8221;bottom-to-top&#8221; el_class=&#8221;spacing-5 light&#8221;]<div class=\"dine-element wpb_content_element dine-element-divider \" id=\"divider-1\">\n<div class=\"dine-divider type-icon divider-icon\" style=\"color:#ffffff\">\n    \n    <div class=\"divider-inner\">\n    \n        <div class=\"divider-line line-left\" style=\"border-top-width:1px;margin-top:-1px\"><\/div>\n\n                <div class=\"icon-wrapper\">\n\n            <span class=\"icon\"><i class=\"fa fa-star\"><\/i><\/span>\n        <\/div><!-- .icon-wrapper -->\n        \n        <div class=\"divider-line line-right\" style=\"border-top-width:1px;margin-top:-1px\"><\/div>\n        \n    <\/div><!-- .divider-inner -->\n    \n<\/div><!-- .dine-divider --><\/div><div class=\"dine-button button-inline button-center\" id=\"button-1\"><style>#btn-34{color:#ffffff}#btn-34:hover{color:#ffffff}<\/style><a href=\"http:\/\/newcastle.com.tr\/tr\/reservation\/\" data-delay=\"900\" id=\"btn-34\" class=\"dine-btn btn-outline dine-animation-element animation-top\"><span>Rezervasyon <\/span><\/a><\/div>[vc_empty_space]\n<div class=\"dine-icon-wrapper icon-wrapper-center\">\n    \n    <a style=\"color:#ffffff;width:40px;height:40px;line-height:36px\" data-delay=\"1200\" title=\"\u0130ncelemeye Ba\u015fla !\" href=\"#start\" class=\"dine-icon custom-color dine-animation-element animation-bottom\"><span class=\"icon\"><i class=\"fa fa-angle-down\"><\/i><\/span><\/a>    \n<\/div><!-- .dine-icon-wrapper -->[\/vc_column][\/vc_row][vc_row full_width=&#8221;stretch_row_content_no_spaces&#8221; content_placement=&#8221;top&#8221; css_animation=&#8221;bottom-to-top&#8221; css=&#8221;.vc_custom_1495830171726{padding-top: 0px !important;padding-right: 4px !important;padding-bottom: 2px !important;padding-left: 4px !important;}&#8221; el_id=&#8221;start&#8221;][vc_column width=&#8221;1\/6&#8243; offset=&#8221;vc_col-md-4&#8243; css=&#8221;.vc_custom_1495830352522{padding-top: 1px !important;}&#8221;]<div class=\"dine-element wpb_content_element dine-element-imagebox  vc_custom_1513603189854 dine-animation-element\" id=\"imagebox-1\">\n<div class=\"dine-imagebox has-link has-animation\">\n    \n    <div class=\"imagebox-inner\">\n    \n        <div class=\"bg-thumb\">\n            <div class=\"bg-element\" style=\"background-image:url(https:\/\/newcastle.com.tr\/tr\/wp-content\/uploads\/2017\/02\/1.jpg)\"><\/div>\n            <div class=\"height-element\" style=\"padding-bottom:50%;\"><\/div>\n        <\/div><!-- .bg-thumb -->\n        \n        <div class=\"imagebox-overlay\" style=\"background-color:rgba(0,0,0,0.3)\"><\/div>\n        \n                <div class=\"imagebox-text\">\n            \n                        \n            <div class=\"imagebox-subtitle-wrapper\">\n                <h3 class=\"imagebox-subtitle\">1998&#039;DEN BER\u0130<\/h3>\n            <\/div>\n            \n                    \n                        \n            <div class=\"imagebox-title-wrapper\">\n                <h2 class=\"imagebox-title\">PUB<\/h2>\n            <\/div>\n            \n                        \n        <\/div><!-- .imagebox-text -->\n                \n                \n        <a href=\"http:\/\/newcastle.com.tr\/tr\" target=\"_self\" class=\"wrap-link\"><\/a>\n        \n            \n    <\/div><!-- .imagebox-inner -->\n    \n<\/div><!-- .dine-imagebox --><\/div>[\/vc_column][vc_column width=&#8221;2\/3&#8243; offset=&#8221;vc_col-md-4&#8243; css=&#8221;.vc_custom_1495830342858{padding-top: 1px !important;}&#8221;]<div class=\"dine-element wpb_content_element dine-element-imagebox  vc_custom_1513603215488 dine-animation-element\" id=\"imagebox-2\">\n<div class=\"dine-imagebox has-link has-animation\">\n    \n    <div class=\"imagebox-inner\">\n    \n        <div class=\"bg-thumb\">\n            <div class=\"bg-element\" style=\"background-image:url(https:\/\/newcastle.com.tr\/tr\/wp-content\/uploads\/2017\/02\/2.jpg)\"><\/div>\n            <div class=\"height-element\" style=\"padding-bottom:50%;\"><\/div>\n        <\/div><!-- .bg-thumb -->\n        \n        <div class=\"imagebox-overlay\" style=\"background-color:rgba(0,0,0,0.3)\"><\/div>\n        \n                <div class=\"imagebox-text\">\n            \n                        \n            <div class=\"imagebox-subtitle-wrapper\">\n                <h3 class=\"imagebox-subtitle\">Her zaman<\/h3>\n            <\/div>\n            \n                    \n                        \n            <div class=\"imagebox-title-wrapper\">\n                <h2 class=\"imagebox-title\">\u0130yi Yemek<\/h2>\n            <\/div>\n            \n                        \n        <\/div><!-- .imagebox-text -->\n                \n                \n        <a href=\"http:\/\/newcastle.com.tr\/tr\" target=\"_self\" class=\"wrap-link\"><\/a>\n        \n            \n    <\/div><!-- .imagebox-inner -->\n    \n<\/div><!-- .dine-imagebox --><\/div>[\/vc_column][vc_column width=&#8221;1\/6&#8243; offset=&#8221;vc_col-md-4&#8243; css=&#8221;.vc_custom_1495830334875{padding-top: 1px !important;}&#8221;]<div class=\"dine-element wpb_content_element dine-element-imagebox  vc_custom_1513603239550 dine-animation-element\" id=\"imagebox-3\">\n<div class=\"dine-imagebox has-link has-animation\">\n    \n    <div class=\"imagebox-inner\">\n    \n        <div class=\"bg-thumb\">\n            <div class=\"bg-element\" style=\"background-image:url(https:\/\/newcastle.com.tr\/tr\/wp-content\/uploads\/2017\/02\/3.jpg)\"><\/div>\n            <div class=\"height-element\" style=\"padding-bottom:50%;\"><\/div>\n        <\/div><!-- .bg-thumb -->\n        \n        <div class=\"imagebox-overlay\" style=\"background-color:rgba(0,0,0,0.3)\"><\/div>\n        \n                <div class=\"imagebox-text\">\n            \n                        \n            <div class=\"imagebox-subtitle-wrapper\">\n                <h3 class=\"imagebox-subtitle\">Daima<\/h3>\n            <\/div>\n            \n                    \n                        \n            <div class=\"imagebox-title-wrapper\">\n                <h2 class=\"imagebox-title\">KAL\u0130TEL\u0130 ZAMAN<\/h2>\n            <\/div>\n            \n                        \n        <\/div><!-- .imagebox-text -->\n                \n                \n        <a href=\"http:\/\/newcastle.com.tr\/tr\" target=\"_self\" class=\"wrap-link\"><\/a>\n        \n            \n    <\/div><!-- .imagebox-inner -->\n    \n<\/div><!-- .dine-imagebox --><\/div>[\/vc_column][\/vc_row][vc_row content_placement=&#8221;middle&#8221; css=&#8221;.vc_custom_1488256727853{padding-top: 80px !important;padding-bottom: 80px !important;}&#8221;][vc_column width=&#8221;1\/2&#8243; offset=&#8221;vc_col-md-3&#8243;][vc_column_text]<\/p>\n<h2 style=\"text-align: center;\">BURADAYIZ<\/h2>\n<p style=\"text-align: center;\">Newcastle Pub 1998\u2019den beri kent k\u00fclt\u00fcr\u00fcne katk\u0131da bulunuyor. Kimlik sahibi bir kent mekan\u0131 olarak buraday\u0131z.<\/p>\n<p>[\/vc_column_text][\/vc_column][vc_column width=&#8221;1\/2&#8243; offset=&#8221;vc_col-md-3&#8243;]<div class=\"dine-element wpb_content_element dine-element-diamond \" id=\"diamond-1\">\n<div class=\"dine-diamond dine-animation-element animation-left\" data-delay=\"200\">\n    \n    <div class=\"diamond-bg\"><\/div>\n    \n    <div class=\"diamond-content\">\n    \n        <p>22. y\u0131l<\/p>\n    \n    <\/div><!-- .diamond-content -->\n    \n<\/div><\/div>[\/vc_column][vc_column offset=&#8221;vc_col-md-6&#8243;]<div class=\"dine-element wpb_content_element dine-element-dine_gallery \" id=\"dine_gallery-1\">\n<div class=\"dine-gallery column-2 gallery-portrait dine-lightbox-gallery\">\n    \n    \n    <figure class=\"dine-gallery-item\">\n        \n        <div class=\"dine-gallery-item-inner\">\n    \n            \n            <a href=\"https:\/\/newcastle.com.tr\/tr\/wp-content\/uploads\/2017\/02\/4.png\" class=\"lightbox-link\"><img decoding=\"async\" width=\"265\" height=\"331\" src=\"https:\/\/newcastle.com.tr\/tr\/wp-content\/uploads\/2017\/02\/4.png\" class=\"attachment-large size-large\" alt=\"\" srcset=\"https:\/\/newcastle.com.tr\/tr\/wp-content\/uploads\/2017\/02\/4.png 265w, https:\/\/newcastle.com.tr\/tr\/wp-content\/uploads\/2017\/02\/4-240x300.png 240w\" sizes=\"(max-width: 265px) 100vw, 265px\" \/><\/a>\n            <div class=\"height-element\"><\/div>\n\n            <div class=\"loading-icon\"><\/div>\n            \n                        \n        <\/div>\n    \n    <\/figure><!-- .dine-gallery-item -->\n    \n    \n    <figure class=\"dine-gallery-item\">\n        \n        <div class=\"dine-gallery-item-inner\">\n    \n            \n            <a href=\"https:\/\/newcastle.com.tr\/tr\/wp-content\/uploads\/2017\/02\/5.png\" class=\"lightbox-link\"><img decoding=\"async\" width=\"265\" height=\"331\" src=\"https:\/\/newcastle.com.tr\/tr\/wp-content\/uploads\/2017\/02\/5.png\" class=\"attachment-large size-large\" alt=\"\" srcset=\"https:\/\/newcastle.com.tr\/tr\/wp-content\/uploads\/2017\/02\/5.png 265w, https:\/\/newcastle.com.tr\/tr\/wp-content\/uploads\/2017\/02\/5-240x300.png 240w\" sizes=\"(max-width: 265px) 100vw, 265px\" \/><\/a>\n            <div class=\"height-element\"><\/div>\n\n            <div class=\"loading-icon\"><\/div>\n            \n                        \n        <\/div>\n    \n    <\/figure><!-- .dine-gallery-item -->\n    \n    \n<\/div><!-- .dine-gallery --><\/div>[\/vc_column][\/vc_row][vc_row el_id=&#8221;menu&#8221;][vc_column]<div class=\"dine-element wpb_content_element dine-element-arctext \" id=\"arctext-1\"><div class=\"dine-arctext\" style=\"transform:rotate(290deg);\">\n    <span>Men\u00fc<\/span>\n\n<\/div><\/div>[vc_column_text]<\/p>\n<p style=\"text-align: center;\"><strong>Men\u00fcm\u00fczde bulunan i\u00e7erikler g\u00fcncellemelere ve \u015fubelere g\u00f6re de\u011fi\u015fiklik g\u00f6sterebilir. <\/strong><\/p>\n<p>[\/vc_column_text][\/vc_column][\/vc_row][vc_row css=&#8221;.vc_custom_1488012464502{padding-bottom: 80px !important;}&#8221;][vc_column width=&#8221;1\/6&#8243; offset=&#8221;vc_col-md-4&#8243;]<div class=\"dine-element wpb_content_element dine-element-menu\" id=\"menu-1\"><div class=\"dine-menu-wrapper\"><h2 class=\"dine-menu-heading\">\u00c7ORBALAR<\/h2><div class=\"dine-menu\">\n<div class=\"dine-menu-item\">\n    \n    <h3 class=\"menu-item-name\">G\u00fcn\u00fcn \u00e7orbas\u0131n\u0131 tad\u0131n<\/h3>\n    \n    <span class=\"menu-item-price\"><\/span>\n    \n    <div class=\"menu-item-desc\">\n    \n            \n    <\/div>\n    \n<\/div><!-- .dine-menu-item -->\n\n\n<\/div><\/div><\/div><div class=\"dine-element wpb_content_element dine-element-menu\" id=\"menu-2\"><div class=\"dine-menu-wrapper\"><h2 class=\"dine-menu-heading\">BA\u015eLANGI\u00c7LAR<\/h2><div class=\"dine-menu\">\n<div class=\"dine-menu-item\">\n    \n    <h3 class=\"menu-item-name\">So\u011fuk ama i\u00e7ten<\/h3>\n    \n    <span class=\"menu-item-price\"><\/span>\n    \n    <div class=\"menu-item-desc\">\n    \n            \n    <\/div>\n    \n<\/div><!-- .dine-menu-item -->\n\n\n<\/div><\/div><\/div><div class=\"dine-element wpb_content_element dine-element-menu\" id=\"menu-3\"><div class=\"dine-menu-wrapper\"><h2 class=\"dine-menu-heading\">ARA SICAKLAR<\/h2><div class=\"dine-menu\">\n<div class=\"dine-menu-item\">\n    \n    <h3 class=\"menu-item-name\">Ortam \u0131s\u0131nmaya ba\u015fl\u0131yor<\/h3>\n    \n    <span class=\"menu-item-price\"><\/span>\n    \n    <div class=\"menu-item-desc\">\n    \n            \n    <\/div>\n    \n<\/div><!-- .dine-menu-item -->\n\n\n<\/div><\/div><\/div><div class=\"dine-element wpb_content_element dine-element-menu\" id=\"menu-4\"><div class=\"dine-menu-wrapper\"><h2 class=\"dine-menu-heading\">SALATALAR<\/h2><div class=\"dine-menu\">\n<div class=\"dine-menu-item\">\n    \n    <h3 class=\"menu-item-name\">\u00c7ok hafif, \u00e7ok leziz<\/h3>\n    \n    <span class=\"menu-item-price\"><\/span>\n    \n    <div class=\"menu-item-desc\">\n    \n            \n    <\/div>\n    \n<\/div><!-- .dine-menu-item -->\n\n\n<\/div><\/div><\/div>[\/vc_column][vc_column width=&#8221;2\/3&#8243; offset=&#8221;vc_col-md-4&#8243;]<div class=\"dine-element wpb_content_element dine-element-menu\" id=\"menu-5\"><div class=\"dine-menu-wrapper\"><h2 class=\"dine-menu-heading\">MAKARNALAR<\/h2><div class=\"dine-menu\">\n<div class=\"dine-menu-item\">\n    \n    <h3 class=\"menu-item-name\">Kentin en iyi \u015feflerinden<\/h3>\n    \n    <span class=\"menu-item-price\"><\/span>\n    \n    <div class=\"menu-item-desc\">\n    \n            \n    <\/div>\n    \n<\/div><!-- .dine-menu-item -->\n\n\n<\/div><\/div><\/div><div class=\"dine-element wpb_content_element dine-element-menu\" id=\"menu-6\"><div class=\"dine-menu-wrapper\"><h2 class=\"dine-menu-heading\">KASELER<\/h2><div class=\"dine-menu\">\n<div class=\"dine-menu-item\">\n    \n    <h3 class=\"menu-item-name\">Yepyeni deneyimler<\/h3>\n    \n    <span class=\"menu-item-price\"><\/span>\n    \n    <div class=\"menu-item-desc\">\n    \n            \n    <\/div>\n    \n<\/div><!-- .dine-menu-item -->\n\n\n<\/div><\/div><\/div><div class=\"dine-element wpb_content_element dine-element-menu\" id=\"menu-7\"><div class=\"dine-menu-wrapper\"><h2 class=\"dine-menu-heading\">P\u0130ZZALAR<\/h2><div class=\"dine-menu\">\n<div class=\"dine-menu-item\">\n    \n    <h3 class=\"menu-item-name\">S\u0131cak ve doyurucu<\/h3>\n    \n    <span class=\"menu-item-price\"><\/span>\n    \n    <div class=\"menu-item-desc\">\n    \n            \n    <\/div>\n    \n<\/div><!-- .dine-menu-item -->\n\n\n<\/div><\/div><\/div><div class=\"dine-element wpb_content_element dine-element-menu\" id=\"menu-8\"><div class=\"dine-menu-wrapper\"><h2 class=\"dine-menu-heading\">D\u00dcR\u00dcMLER<\/h2><div class=\"dine-menu\">\n<div class=\"dine-menu-item\">\n    \n    <h3 class=\"menu-item-name\">Elde sevenlere<\/h3>\n    \n    <span class=\"menu-item-price\"><\/span>\n    \n    <div class=\"menu-item-desc\">\n    \n            \n    <\/div>\n    \n<\/div><!-- .dine-menu-item -->\n\n\n<\/div><\/div><\/div><div class=\"dine-button button-inline button-center\" id=\"button-2\"><a href=\"http:\/\/newcastle.com.tr\/tr\/menu\/\" data-delay=\"300\" class=\"dine-btn btn-fill has-icon dine-animation-element animation-bottom\"><span>Men\u00fcn\u00fcn Tamam\u0131<\/span><i class=\"fa fa-angle-right\"><\/i><\/a><\/div>[\/vc_column][vc_column width=&#8221;1\/6&#8243; offset=&#8221;vc_col-md-4&#8243;]<div class=\"dine-element wpb_content_element dine-element-menu\" id=\"menu-9\"><div class=\"dine-menu-wrapper\"><h2 class=\"dine-menu-heading\">ANA YEMEKLER<\/h2><div class=\"dine-menu\">\n<div class=\"dine-menu-item\">\n    \n    <h3 class=\"menu-item-name\">Tavuklar, etler, deniz mahs\u00fclleri, sebze<\/h3>\n    \n    <span class=\"menu-item-price\"><\/span>\n    \n    <div class=\"menu-item-desc\">\n    \n            \n    <\/div>\n    \n<\/div><!-- .dine-menu-item -->\n\n\n<\/div><\/div><\/div><div class=\"dine-element wpb_content_element dine-element-menu\" id=\"menu-10\"><div class=\"dine-menu-wrapper\"><h2 class=\"dine-menu-heading\">BURGERLER<\/h2><div class=\"dine-menu\">\n<div class=\"dine-menu-item\">\n    \n    <h3 class=\"menu-item-name\">Doyurucu daireler<\/h3>\n    \n    <span class=\"menu-item-price\"><\/span>\n    \n    <div class=\"menu-item-desc\">\n    \n            \n    <\/div>\n    \n<\/div><!-- .dine-menu-item -->\n\n\n<\/div><\/div><\/div><div class=\"dine-element wpb_content_element dine-element-menu\" id=\"menu-11\"><div class=\"dine-menu-wrapper\"><h2 class=\"dine-menu-heading\">TATLILAR<\/h2><div class=\"dine-menu\">\n<div class=\"dine-menu-item\">\n    \n    <h3 class=\"menu-item-name\">Tat alma duygusu de\u011fi\u015fiyor<\/h3>\n    \n    <span class=\"menu-item-price\"><\/span>\n    \n    <div class=\"menu-item-desc\">\n    \n            \n    <\/div>\n    \n<\/div><!-- .dine-menu-item -->\n\n\n<\/div><\/div><\/div><div class=\"dine-element wpb_content_element dine-element-menu\" id=\"menu-12\"><div class=\"dine-menu-wrapper\"><h2 class=\"dine-menu-heading\">KOKTEYLLER<\/h2><div class=\"dine-menu\">\n<div class=\"dine-menu-item\">\n    \n    <h3 class=\"menu-item-name\">Tatl\u0131, buzlu, ate\u015fli<\/h3>\n    \n    <span class=\"menu-item-price\"><\/span>\n    \n    <div class=\"menu-item-desc\">\n    \n            \n    <\/div>\n    \n<\/div><!-- .dine-menu-item -->\n\n\n<\/div><\/div><\/div>[\/vc_column][\/vc_row][vc_row full_width=&#8221;stretch_row&#8221; full_height=&#8221;yes&#8221; parallax=&#8221;true&#8221; css=&#8221;.vc_custom_1495749523672{padding-top: 120px !important;padding-bottom: 120px !important;background: #000000 url(http:\/\/newcastle.com.tr\/yenisite\/wp-content\/uploads\/2017\/02\/blog-anasayfa.png?id=689);background-position: center;background-repeat: no-repeat !important;background-size: cover !important;}&#8221;][vc_column]<div class=\"dine-element wpb_content_element dine-element-text_slider  vc_custom_1501846733114\" id=\"text_slider-2\"><div data-delay=\"0\" style=\"color:#ffffff;font-size:120px\" data-timer=\"3000\" class=\"cd-headline cd-single-headline dine-animation-element animation-bottom\"><span>Blog<\/span><\/div><\/div><div class=\"dine-button button-inline button-center\" id=\"button-3\"><style>#btn-212{color:#ffffff}#btn-212:hover{color:#ffffff}<\/style><a href=\"http:\/\/newcastle.com.tr\/tr\/blog\/\" data-delay=\"0\" id=\"btn-212\" class=\"dine-btn btn-fill has-icon dine-animation-element animation-bottom\"><span>Okumak ister misiniz ?<\/span><i class=\"fa fa-search\"><\/i><\/a><\/div>[\/vc_column][\/vc_row][vc_row css=&#8221;.vc_custom_1495750591023{padding-top: 80px !important;}&#8221; el_id=&#8221;galeri&#8221;][vc_column]<div class=\"dine-element wpb_content_element dine-element-arctext \" id=\"arctext-2\"><div class=\"dine-arctext\" style=\"transform:rotate(290deg);\">\n    <span>GALER\u0130<\/span>\n\n<\/div><\/div><div class=\"dine-element wpb_content_element dine-element-heading \" id=\"heading-1\"><div class=\"dine-heading\">\n    \n    <div class=\"heading-container\">\n\n        <h2 class=\"heading-title\">Foto\u011fraflar <\/h2>\n    <\/div>\n    \n        \n    <h4 class=\"heading-subtitle\">\n    \n        \u015eubelerden Kareler    \n    <\/h4>\n    \n    \n<\/div><!-- .dine-heading --><\/div><div class=\"dine-element wpb_content_element dine-element-dine_gallery \" id=\"dine_gallery-2\">\n<div class=\"dine-gallery column-4 gallery-portrait dine-lightbox-gallery\">\n    \n    \n    <figure class=\"dine-gallery-item\">\n        \n        <div class=\"dine-gallery-item-inner\">\n    \n            \n            <a href=\"https:\/\/newcastle.com.tr\/tr\/wp-content\/uploads\/2017\/02\/2.jpg\" class=\"lightbox-link\"><img decoding=\"async\" width=\"1024\" height=\"683\" src=\"https:\/\/newcastle.com.tr\/tr\/wp-content\/uploads\/2017\/02\/2-1024x683.jpg\" class=\"attachment-large size-large\" alt=\"\" srcset=\"https:\/\/newcastle.com.tr\/tr\/wp-content\/uploads\/2017\/02\/2-1024x683.jpg 1024w, https:\/\/newcastle.com.tr\/tr\/wp-content\/uploads\/2017\/02\/2-300x200.jpg 300w, https:\/\/newcastle.com.tr\/tr\/wp-content\/uploads\/2017\/02\/2-768x512.jpg 768w, https:\/\/newcastle.com.tr\/tr\/wp-content\/uploads\/2017\/02\/2.jpg 1425w\" sizes=\"(max-width: 1024px) 100vw, 1024px\" \/><\/a>\n            <div class=\"height-element\"><\/div>\n\n            <div class=\"loading-icon\"><\/div>\n            \n                        \n        <\/div>\n    \n    <\/figure><!-- .dine-gallery-item -->\n    \n    \n    <figure class=\"dine-gallery-item\">\n        \n        <div class=\"dine-gallery-item-inner\">\n    \n            \n            <a href=\"https:\/\/newcastle.com.tr\/tr\/wp-content\/uploads\/2017\/02\/3.jpg\" class=\"lightbox-link\"><img decoding=\"async\" width=\"1024\" height=\"683\" src=\"https:\/\/newcastle.com.tr\/tr\/wp-content\/uploads\/2017\/02\/3-1024x683.jpg\" class=\"attachment-large size-large\" alt=\"\" srcset=\"https:\/\/newcastle.com.tr\/tr\/wp-content\/uploads\/2017\/02\/3-1024x683.jpg 1024w, https:\/\/newcastle.com.tr\/tr\/wp-content\/uploads\/2017\/02\/3-300x200.jpg 300w, https:\/\/newcastle.com.tr\/tr\/wp-content\/uploads\/2017\/02\/3-768x512.jpg 768w, https:\/\/newcastle.com.tr\/tr\/wp-content\/uploads\/2017\/02\/3.jpg 1425w\" sizes=\"(max-width: 1024px) 100vw, 1024px\" \/><\/a>\n            <div class=\"height-element\"><\/div>\n\n            <div class=\"loading-icon\"><\/div>\n            \n                        \n        <\/div>\n    \n    <\/figure><!-- .dine-gallery-item -->\n    \n    \n    <figure class=\"dine-gallery-item\">\n        \n        <div class=\"dine-gallery-item-inner\">\n    \n            \n            <a href=\"https:\/\/newcastle.com.tr\/tr\/wp-content\/uploads\/2017\/02\/Arcadium-8.jpg\" class=\"lightbox-link\"><img decoding=\"async\" width=\"1024\" height=\"683\" src=\"https:\/\/newcastle.com.tr\/tr\/wp-content\/uploads\/2017\/02\/Arcadium-8-1024x683.jpg\" class=\"attachment-large size-large\" alt=\"\" srcset=\"https:\/\/newcastle.com.tr\/tr\/wp-content\/uploads\/2017\/02\/Arcadium-8-1024x683.jpg 1024w, https:\/\/newcastle.com.tr\/tr\/wp-content\/uploads\/2017\/02\/Arcadium-8-300x200.jpg 300w, https:\/\/newcastle.com.tr\/tr\/wp-content\/uploads\/2017\/02\/Arcadium-8-768x512.jpg 768w\" sizes=\"(max-width: 1024px) 100vw, 1024px\" \/><\/a>\n            <div class=\"height-element\"><\/div>\n\n            <div class=\"loading-icon\"><\/div>\n            \n                        \n        <\/div>\n    \n    <\/figure><!-- .dine-gallery-item -->\n    \n    \n    <figure class=\"dine-gallery-item\">\n        \n        <div class=\"dine-gallery-item-inner\">\n    \n            \n            <a href=\"https:\/\/newcastle.com.tr\/tr\/wp-content\/uploads\/2017\/02\/One-Tower-1.jpg\" class=\"lightbox-link\"><img decoding=\"async\" width=\"1024\" height=\"683\" src=\"https:\/\/newcastle.com.tr\/tr\/wp-content\/uploads\/2017\/02\/One-Tower-1-1024x683.jpg\" class=\"attachment-large size-large\" alt=\"\" srcset=\"https:\/\/newcastle.com.tr\/tr\/wp-content\/uploads\/2017\/02\/One-Tower-1-1024x683.jpg 1024w, https:\/\/newcastle.com.tr\/tr\/wp-content\/uploads\/2017\/02\/One-Tower-1-300x200.jpg 300w, https:\/\/newcastle.com.tr\/tr\/wp-content\/uploads\/2017\/02\/One-Tower-1-768x512.jpg 768w\" sizes=\"(max-width: 1024px) 100vw, 1024px\" \/><\/a>\n            <div class=\"height-element\"><\/div>\n\n            <div class=\"loading-icon\"><\/div>\n            \n                        \n        <\/div>\n    \n    <\/figure><!-- .dine-gallery-item -->\n    \n    \n<\/div><!-- .dine-gallery --><\/div>[\/vc_column][\/vc_row][vc_row full_width=&#8221;stretch_row&#8221; full_height=&#8221;yes&#8221; parallax=&#8221;true&#8221; css=&#8221;.vc_custom_1495749876156{padding-top: 160px !important;padding-bottom: 160px !important;background: #000000 url(http:\/\/newcastle.com.tr\/yenisite\/wp-content\/uploads\/2017\/02\/e-posta.png?id=696);background-position: center;background-repeat: no-repeat !important;background-size: cover !important;}&#8221;][vc_column][vc_row_inner][vc_column_inner][vc_raw_html]JTNDaW1nJTIwY2xhc3MlM0QlMjJhbGlnbmNlbnRlciUyMHdwLWltYWdlLTcyOCUyMHNpemUtZnVsbCUyMiUyMHNyYyUzRCUyMmh0dHAlM0ElMkYlMkZuZXdjYXN0bGUuY29tLnRyJTJGeWVuaXNpdGUlMkZ3cC1jb250ZW50JTJGdXBsb2FkcyUyRjIwMTclMkYwMiUyRmRpZ2l0YWxwdWItbWFpbC1sb2dvLnBuZyUyMiUyMGFsdCUzRCUyMiUyMiUyMHdpZHRoJTNEJTIyOTcwJTIyJTIwaGVpZ2h0JTNEJTIyMjIwJTIyJTIwJTJGJTNF[\/vc_raw_html][\/vc_column_inner][\/vc_row_inner][\/vc_column][\/vc_row]<\/p>\n<\/div>","protected":false},"excerpt":{"rendered":"<p>[vc_row full_width=&#8221;stretch_row&#8221; full_height=&#8221;yes&#8221; css=&#8221;.vc_custom_1568301127693{padding-bottom: 1px !important;background-image: url(http:\/\/newcastle.com.tr\/tr\/wp-content\/uploads\/2019\/09\/newcastle_pub-2.jpg?id=1083) !important;background-position: center !important;background-repeat: no-repeat !important;background-size: cover !important;}&#8221;][vc_column][vc_empty_space height=&#8221;225px&#8221;][vc_custom_heading text=&#8221;PUB WITH RESTAURANT&#8221; font_container=&#8221;tag:h2|font_size:16|text_align:center|color:%23ffffff&#8221; use_theme_fonts=&#8221;yes&#8221; css_animation=&#8221;bottom-to-top&#8221; el_class=&#8221;spacing-5 light&#8221;][vc_empty_space][\/vc_column][\/vc_row][vc_row full_width=&#8221;stretch_row_content_no_spaces&#8221; content_placement=&#8221;top&#8221; css_animation=&#8221;bottom-to-top&#8221; css=&#8221;.vc_custom_1495830171726{padding-top: 0px !important;padding-right: 4px !important;padding-bottom: 2px !important;padding-left: 4px !important;}&#8221; el_id=&#8221;start&#8221;][vc_column width=&#8221;1\/6&#8243; offset=&#8221;vc_col-md-4&#8243; css=&#8221;.vc_custom_1495830352522{padding-top: 1px !important;}&#8221;][\/vc_column][vc_column width=&#8221;2\/3&#8243; offset=&#8221;vc_col-md-4&#8243; css=&#8221;.vc_custom_1495830342858{padding-top: 1px !important;}&#8221;][\/vc_column][vc_column width=&#8221;1\/6&#8243; offset=&#8221;vc_col-md-4&#8243; css=&#8221;.vc_custom_1495830334875{padding-top: 1px !important;}&#8221;][\/vc_column][\/vc_row][vc_row content_placement=&#8221;middle&#8221; css=&#8221;.vc_custom_1488256727853{padding-top: 80px !important;padding-bottom: &hellip; <\/p>\n","protected":false},"author":1235,"featured_media":0,"parent":0,"menu_order":0,"comment_status":"closed","ping_status":"closed","template":"","meta":{"footnotes":""},"class_list":["post-432","page","type-page","status-publish","hentry"],"_links":{"self":[{"href":"https:\/\/newcastle.com.tr\/tr\/wp-json\/wp\/v2\/pages\/432","targetHints":{"allow":["GET"]}}],"collection":[{"href":"https:\/\/newcastle.com.tr\/tr\/wp-json\/wp\/v2\/pages"}],"about":[{"href":"https:\/\/newcastle.com.tr\/tr\/wp-json\/wp\/v2\/types\/page"}],"author":[{"embeddable":true,"href":"https:\/\/newcastle.com.tr\/tr\/wp-json\/wp\/v2\/users\/1235"}],"replies":[{"embeddable":true,"href":"https:\/\/newcastle.com.tr\/tr\/wp-json\/wp\/v2\/comments?post=432"}],"version-history":[{"count":195,"href":"https:\/\/newcastle.com.tr\/tr\/wp-json\/wp\/v2\/pages\/432\/revisions"}],"predecessor-version":[{"id":1238,"href":"https:\/\/newcastle.com.tr\/tr\/wp-json\/wp\/v2\/pages\/432\/revisions\/1238"}],"wp:attachment":[{"href":"https:\/\/newcastle.com.tr\/tr\/wp-json\/wp\/v2\/media?parent=432"}],"curies":[{"name":"wp","href":"https:\/\/api.w.org\/{rel}","templated":true}]}}