{"id":433,"date":"2017-02-20T03:10:30","date_gmt":"2017-02-20T03:10:30","guid":{"rendered":"http:\/\/dine.withemes.com\/?page_id=9"},"modified":"2025-07-02T23:31:48","modified_gmt":"2025-07-02T20:31:48","slug":"reservation","status":"publish","type":"page","link":"https:\/\/newcastle.com.tr\/tr\/reservation\/","title":{"rendered":"Rezervasyon"},"content":{"rendered":"<div class=\"wpb-content-wrapper\"><p>[vc_row][vc_column][vc_column_text]<\/p>\n<h4 style=\"text-align: center;\"><strong>L\u00fctfen sizi misafir etmemizi istedi\u011finiz \u015fubemizi se\u00e7erek bizimle ileti\u015fime ge\u00e7in.<\/strong><\/h4>\n<p>[\/vc_column_text][\/vc_column][\/vc_row][vc_row css=&#8221;.vc_custom_1488104425154{padding-top: 80px !important;padding-bottom: 80px !important;}&#8221;][vc_column width=&#8221;1\/3&#8243;][vc_column_text]<\/p>\n<h5 class=\"m_-3123276152944767132gmail-p1\"><strong>Newcastle \/ Tepe PrIme AVM<\/strong><\/h5>\n<div>Tepe Prime Avenue, Eski\u015fehir Yolu,<br \/>\nMustafa Kemal Mah. Dumlup\u0131nar Bulv. No:266\/B01<br \/>\n<strong>\u00c7ankaya &#8211; ANKARA<\/strong><\/div>\n<div>\n<p><strong><a href=\"tel:0530917693\">Ara (0530) 918 76 93<\/a><\/strong><\/p>\n<\/div>\n<p><strong><a href=\"tel:03122863321\">Ara (0312) 286 33 21<\/a><\/strong>[\/vc_column_text][\/vc_column][vc_column width=&#8221;1\/3&#8243;][vc_column_text]<\/p>\n<h5><strong>Newcastle \/ 365 AVM<\/strong><\/h5>\n<p>Birlik Mah. 428. Cad. No:41\/Z-09<br \/>\n<strong>\u00c7ankaya &#8211; ANKARA<\/strong><\/p>\n<p><strong><a href=\"tel:03124500204\">Ara (0312) 450 02 04<\/a><\/strong>[\/vc_column_text][\/vc_column][vc_column width=&#8221;1\/3&#8243;][vc_column_text]<\/p>\n<h5 class=\"m_-432672158906178857gmail-p1\"><strong>Newcastle \/ PodIum Park<\/strong><\/h5>\n<div>Cumhuriyet Mah. Nil\u00fcfer Hatun Cad.<br \/>\nNo:114\/1 Blok 5-6<\/div>\n<div><strong>Nil\u00fcfer &#8211; BURSA<\/strong><\/div>\n<p><strong><a href=\"tel:02244532999\">Ara (0224) 453 29 99<\/a><\/strong>[\/vc_column_text][\/vc_column][\/vc_row][vc_row css=&#8221;.vc_custom_1488104425154{padding-top: 80px !important;padding-bottom: 80px !important;}&#8221;][vc_column width=&#8221;1\/3&#8243; offset=&#8221;vc_col-md-4&#8243;][vc_column_text]<\/p>\n<h5 class=\"m_-432672158906178857gmail-p1\"><strong>Newcastle \/ ArcadIum<\/strong><\/h5>\n<div>Arcadium AVM Koru Mah. 2432. Cad. No:192 \/ Z-32<br \/>\n\u00c7ayyolu &#8211; ANKARA<\/div>\n<div><strong>Ankara<\/strong><\/div>\n<p><strong><a href=\"tel:03122420703\">Ara (0312) 242 07 03<\/a><\/strong><\/p>\n<p><strong><a href=\"tel:03122420307\">Ara (0312) 242 03 07<\/a><\/strong>[\/vc_column_text][\/vc_column][vc_column width=&#8221;1\/3&#8243;][vc_column_text]<\/p>\n<h5 class=\"m_-432672158906178857gmail-p1\"><strong>Newcastle \/ Watergarden<\/strong><\/h5>\n<div><span class=\"_50f4\">Barbaros Mahallesi\u00a0 Ahlat Sokak A Blok 2\/21 \u00a0<\/span><\/div>\n<div><span class=\"_50f4\"><strong>Ata\u015fehir \/\u00a0<\/strong><\/span><strong><span class=\"_50f4\">\u0130stanbul<\/span><\/strong><\/div>\n<p><strong><a href=\"tel:02165048487\">Ara (0216) 504 84 87<\/a><\/strong><\/p>\n<p><strong><a href=\"tel:02165048532\">Ara (0216) 504 85 32<\/a><\/strong>[\/vc_column_text][\/vc_column][vc_column width=&#8221;1\/3&#8243;][vc_column_text]<\/p>\n<h5 class=\"m_-432672158906178857gmail-p1\"><strong>Newcastle \/ MaIdan<\/strong><\/h5>\n<p>Maidan \u0130\u015f ve Ya\u015fam Merkezi, Eski\u015fehir Yolu,<br \/>\nMustafa Kemal Mah. 2118. Cad. No:4 C \/ 202<br \/>\n<strong>\u00c7ankaya &#8211; ANKARA<\/strong><\/p>\n<p><strong><a href=\"tel:05309187695\">Ara (0530) 918 76 95<\/a><\/strong><\/p>\n<p><strong><a href=\"tel:03122863331\">Ara (0312) 286 33 31<\/a><\/strong>[\/vc_column_text][\/vc_column][\/vc_row][vc_row css=&#8221;.vc_custom_1488104425154{padding-top: 80px !important;padding-bottom: 80px !important;}&#8221;][vc_column width=&#8221;1\/3&#8243; offset=&#8221;vc_col-md-4&#8243;][vc_column_text]<\/p>\n<h5 class=\"m_-432672158906178857gmail-p1\"><strong>Newcastle \/ \u00c7ayyolu<\/strong><\/h5>\n<div><span class=\"D0EYxd\">Dora Park Villa\u200blar\u0131, Ahmet Taner K\u0131\u015flal\u0131 Mahallesi<br \/>\n<\/span><span class=\"D0EYxd\">Alacaatl\u0131 Yolu \u00dczeri 2846 Sokak No: A -1\/2<br \/>\n<\/span><span class=\"D0EYxd\"><strong>\u00c7ayyolu &#8211; ANKARA<\/strong><\/span><\/div>\n<p><strong><a href=\"tel:03122407001\">Ara (0312) 240 70 01<\/a><\/strong><\/p>\n<p><strong><a href=\"tel:03122407002\">Ara (0312) 240 70 02<\/a><\/strong><\/p>\n<p>[\/vc_column_text][\/vc_column][vc_column width=&#8221;1\/3&#8243; offset=&#8221;vc_col-md-4&#8243;][vc_column_text]<\/p>\n<h5><strong>Newcastle \/ GallerIa<\/strong><\/h5>\n<p>\u00dcmitk\u00f6y Galleria Avm, Mutlukent Mah.<br \/>\n2432. Cad. No:97-A\/14<br \/>\n<strong>\u00c7ankaya &#8211; ANKARA<\/strong><\/p>\n<p><strong><a href=\"tel:05309187696\">Ara (0530) 918 76 96 <\/a><\/strong><\/p>\n<p><strong><a href=\"tel:03122361118\">Ara (0312) 236 11 18<\/a><\/strong>[\/vc_column_text][\/vc_column][vc_column width=&#8221;1\/3&#8243; offset=&#8221;vc_col-md-4&#8243;][vc_column_text]<\/p>\n<h5 class=\"m_-432672158906178857gmail-p1\"><strong>Newcastle \/ Armada AVM<\/strong><\/h5>\n<div>Dumlup\u0131nar Bulvar\u0131 Armada AVM Eski\u015fehir Yolu<br \/>\nB Blok Kat -2 No:6\/3<\/div>\n<div><strong>S\u00f6\u011f\u00fct\u00f6z\u00fc &#8211; ANKARA<\/strong><\/div>\n<p><strong><a href=\"tel:03125412323\">Ara (0312) 541 23 23<\/a><\/strong>[\/vc_column_text][\/vc_column][\/vc_row][vc_row css=&#8221;.vc_custom_1488104425154{padding-top: 80px !important;padding-bottom: 80px !important;}&#8221;][vc_column width=&#8221;1\/3&#8243; offset=&#8221;vc_col-md-4&#8243;][vc_column_text]<\/p>\n<h5 class=\"m_-432672158906178857gmail-p1\"><strong>Newcastle \/ PANORA AVM<br \/>\n<\/strong><\/h5>\n<div>\n<div><span class=\"_50f4\">Oran Mah. Panora AVM Kud\u00fcs Caddesi<br \/>\nNo: 3\/69-70<\/span><\/div>\n<div><strong><span class=\"_50f4\">\u00c7ankaya \/\u00a0<\/span><span class=\"_50f4\">Ankara<\/span><\/strong><\/div>\n<\/div>\n<p><strong><a href=\"tel:05309187694\">Ara (0530) 918 76 94<\/a><\/strong><\/p>\n<p><strong><a href=\"tel:03125020122\">Ara (0312) 502 01 22<\/a><\/strong>[\/vc_column_text][\/vc_column][vc_column width=&#8221;1\/3&#8243; offset=&#8221;vc_col-md-4&#8243;][vc_column_text]<\/p>\n<h5 class=\"m_-432672158906178857gmail-p1\"><strong>Newcastle \/ MESA PLAZA<br \/>\n<\/strong><\/h5>\n<div>\n<div>Koru Mah. Ihlamur Caddesi Mesa Plaza<br \/>\nNo:2\/42<\/div>\n<div><strong><span class=\"_50f4\">\u00c7ankaya \/\u00a0<\/span><span class=\"_50f4\">Ankara<\/span><\/strong><\/div>\n<\/div>\n<p><strong><a href=\"tel:05302639768\">Ara (0530) 263 97 68<\/a><\/strong><\/p>\n<p>[\/vc_column_text][\/vc_column][vc_column width=&#8221;1\/3&#8243;][vc_column_text css=&#8221;&#8221;]<\/p>\n<h5 class=\"m_-432672158906178857gmail-p1\"><strong>Newcastle \/ HILLSIDE AVM<br \/>\n<\/strong><\/h5>\n<div>\n<div>Hilltown Kar\u015f\u0131yaka,<br \/>\nYal\u0131 Mah. 6522 Sk.<br \/>\nNo:3<\/div>\n<div><strong><span class=\"_50f4\">Kar\u015f\u0131yaka \/ \u0130zmir<\/span><\/strong><\/div>\n<\/div>\n<p><strong><a href=\"tel:02326088117\">Ara (232) 608 81 17<\/a><\/strong>[\/vc_column_text][\/vc_column][\/vc_row][vc_row css=&#8221;.vc_custom_1488104425154{padding-top: 80px !important;padding-bottom: 80px !important;}&#8221;][vc_column width=&#8221;1\/6&#8243; offset=&#8221;vc_col-md-4&#8243;][\/vc_column][vc_column width=&#8221;2\/3&#8243; offset=&#8221;vc_col-md-4&#8243;][\/vc_column][vc_column width=&#8221;1\/6&#8243; offset=&#8221;vc_col-md-4&#8243;][\/vc_column][\/vc_row][vc_row css=&#8221;.vc_custom_1488104425154{padding-top: 80px !important;padding-bottom: 80px !important;}&#8221;][vc_column width=&#8221;2\/3&#8243; offset=&#8221;vc_col-md-4&#8243;][\/vc_column][vc_column width=&#8221;1\/6&#8243; offset=&#8221;vc_col-md-4&#8243;][\/vc_column][vc_column width=&#8221;1\/6&#8243; offset=&#8221;vc_col-md-4&#8243;][\/vc_column][\/vc_row]<\/p>\n<\/div>","protected":false},"excerpt":{"rendered":"<p>[vc_row][vc_column][vc_column_text] L\u00fctfen sizi misafir etmemizi istedi\u011finiz \u015fubemizi se\u00e7erek bizimle ileti\u015fime ge\u00e7in. [\/vc_column_text][\/vc_column][\/vc_row][vc_row css=&#8221;.vc_custom_1488104425154{padding-top: 80px !important;padding-bottom: 80px !important;}&#8221;][vc_column width=&#8221;1\/3&#8243;][vc_column_text] Newcastle \/ Tepe PrIme AVM Tepe Prime Avenue, Eski\u015fehir Yolu, Mustafa Kemal Mah. Dumlup\u0131nar Bulv. No:266\/B01 \u00c7ankaya &#8211; ANKARA Ara (0530) 918 76 93 Ara (0312) 286 33 21[\/vc_column_text][\/vc_column][vc_column width=&#8221;1\/3&#8243;][vc_column_text] Newcastle \/ 365 AVM Birlik Mah. 428. &hellip; <\/p>\n","protected":false},"author":1235,"featured_media":1214,"parent":0,"menu_order":0,"comment_status":"closed","ping_status":"closed","template":"","meta":{"footnotes":""},"class_list":["post-433","page","type-page","status-publish","has-post-thumbnail","hentry"],"_links":{"self":[{"href":"https:\/\/newcastle.com.tr\/tr\/wp-json\/wp\/v2\/pages\/433","targetHints":{"allow":["GET"]}}],"collection":[{"href":"https:\/\/newcastle.com.tr\/tr\/wp-json\/wp\/v2\/pages"}],"about":[{"href":"https:\/\/newcastle.com.tr\/tr\/wp-json\/wp\/v2\/types\/page"}],"author":[{"embeddable":true,"href":"https:\/\/newcastle.com.tr\/tr\/wp-json\/wp\/v2\/users\/1235"}],"replies":[{"embeddable":true,"href":"https:\/\/newcastle.com.tr\/tr\/wp-json\/wp\/v2\/comments?post=433"}],"version-history":[{"count":63,"href":"https:\/\/newcastle.com.tr\/tr\/wp-json\/wp\/v2\/pages\/433\/revisions"}],"predecessor-version":[{"id":3108,"href":"https:\/\/newcastle.com.tr\/tr\/wp-json\/wp\/v2\/pages\/433\/revisions\/3108"}],"wp:featuredmedia":[{"embeddable":true,"href":"https:\/\/newcastle.com.tr\/tr\/wp-json\/wp\/v2\/media\/1214"}],"wp:attachment":[{"href":"https:\/\/newcastle.com.tr\/tr\/wp-json\/wp\/v2\/media?parent=433"}],"curies":[{"name":"wp","href":"https:\/\/api.w.org\/{rel}","templated":true}]}}